{"id":2515,"date":"2024-12-11T21:23:59","date_gmt":"2024-12-11T21:23:59","guid":{"rendered":"https:\/\/residencesdulavandou.fr\/?page_id=2515"},"modified":"2026-01-26T15:02:40","modified_gmt":"2026-01-26T15:02:40","slug":"residence-tibouren","status":"publish","type":"page","link":"https:\/\/residencesdulavandou.fr\/de\/residence-tibouren\/","title":{"rendered":"Residenz Tibouren"},"content":{"rendered":"\t\t<div data-elementor-type=\"wp-page\" data-elementor-id=\"2515\" class=\"elementor elementor-2515\">\n\t\t\t\t<div class=\"elementor-element elementor-element-a1e69b5 e-con-full e-flex e-con e-parent\" data-id=\"a1e69b5\" data-element_type=\"container\" data-e-type=\"container\" data-settings=\"{&quot;background_background&quot;:&quot;slideshow&quot;,&quot;background_slideshow_gallery&quot;:[{&quot;id&quot;:2517,&quot;url&quot;:&quot;https:\\\/\\\/residencesdulavandou.fr\\\/wp-content\\\/uploads\\\/2024\\\/12\\\/Capture-decran-2024-12-11-a-15.29.56.png&quot;},{&quot;id&quot;:2518,&quot;url&quot;:&quot;https:\\\/\\\/residencesdulavandou.fr\\\/wp-content\\\/uploads\\\/2024\\\/12\\\/le-lavandou-quai-gabriel-peri-rd-commerces.jpg&quot;},{&quot;id&quot;:2519,&quot;url&quot;:&quot;https:\\\/\\\/residencesdulavandou.fr\\\/wp-content\\\/uploads\\\/2024\\\/12\\\/PORT_LAVANDOU.jpg&quot;}],&quot;background_slideshow_slide_duration&quot;:3500,&quot;background_slideshow_transition_duration&quot;:1000,&quot;background_slideshow_ken_burns&quot;:&quot;yes&quot;,&quot;background_slideshow_loop&quot;:&quot;yes&quot;,&quot;background_slideshow_slide_transition&quot;:&quot;fade&quot;,&quot;background_slideshow_ken_burns_zoom_direction&quot;:&quot;in&quot;}\">\n\t\t\t\t<div class=\"elementor-element elementor-element-88fe8b5 animated-slow elementor-invisible elementor-widget elementor-widget-patara-title\" data-id=\"88fe8b5\" data-element_type=\"widget\" data-e-type=\"widget\" data-settings=\"{&quot;_animation&quot;:&quot;fadeIn&quot;}\" data-widget_type=\"patara-title.default\">\n\t\t\t\t<div class=\"elementor-widget-container\">\n\t\t\t\t\t\t\t\n\t\t\n\t\t\t<h3 class=\"section-subtitle black text-center\">Les R\u00e9sidences du Lavandou<\/h3>\t\t\t\t\n\t\t\t<h4 class=\"section-title black text-center\">R\u00e9sidence Tibouren<\/h4>\t\t\t\t\n\t\t\t<div class=\"section-text text-center black\"><p><p>Logements dans la zone active du Lavandou, venez d\u00e9couvrir les plages, le centre ville et toutes les activit\u00e9s.<\/p><\/p><\/div>\n        \n\t\t\t\n        \t\t\t\t<\/div>\n\t\t\t\t<\/div>\n\t\t\t\t<\/div>\n\t\t<div class=\"elementor-element elementor-element-f289bbf e-flex e-con-boxed e-con e-parent\" data-id=\"f289bbf\" data-element_type=\"container\" data-e-type=\"container\" data-settings=\"{&quot;background_background&quot;:&quot;classic&quot;}\">\n\t\t\t\t\t<div class=\"e-con-inner\">\n\t\t\t\t<div class=\"elementor-element elementor-element-2753c70 elementor-widget elementor-widget-html\" data-id=\"2753c70\" data-element_type=\"widget\" data-e-type=\"widget\" data-widget_type=\"html.default\">\n\t\t\t\t<div class=\"elementor-widget-container\">\n\t\t\t\t\t<iframe src =\"https:\/\/book.prestigebookingchannel.com\/booking2.php?ownerid=120345&amp;numadult=2&amp;group=tibouren&amp;advancedays=0&amp;referer=Website\" width=\"1200\" height=\"2000\" style=\"max-width:100%;border:none;overflow:auto;\"><p><a href=\"https:\/\/book.prestigebookingchannel.com\/booking2.php?ownerid=120345&amp;referer=Website\" title=\"Book Now\" target=\"_blank\" rel=\"noopener\">Book Now<\/a><\/p><\/iframe>\t\t\t\t<\/div>\n\t\t\t\t<\/div>\n\t\t\t\t\t<\/div>\n\t\t\t\t<\/div>\n\t\t<div class=\"elementor-element elementor-element-4beb167 e-flex e-con-boxed e-con e-parent\" data-id=\"4beb167\" data-element_type=\"container\" data-e-type=\"container\" data-settings=\"{&quot;background_background&quot;:&quot;classic&quot;,&quot;shape_divider_top&quot;:&quot;mountains&quot;}\">\n\t\t\t\t\t<div class=\"e-con-inner\">\n\t\t\t\t<div class=\"elementor-shape elementor-shape-top\" aria-hidden=\"true\" data-negative=\"false\">\n\t\t\t<svg xmlns=\"http:\/\/www.w3.org\/2000\/svg\" viewBox=\"0 0 1000 100\" preserveAspectRatio=\"none\">\n\t<path class=\"elementor-shape-fill\" opacity=\"0.33\" d=\"M473,67.3c-203.9,88.3-263.1-34-320.3,0C66,119.1,0,59.7,0,59.7V0h1000v59.7 c0,0-62.1,26.1-94.9,29.3c-32.8,3.3-62.8-12.3-75.8-22.1C806,49.6,745.3,8.7,694.9,4.7S492.4,59,473,67.3z\"\/>\n\t<path class=\"elementor-shape-fill\" opacity=\"0.66\" d=\"M734,67.3c-45.5,0-77.2-23.2-129.1-39.1c-28.6-8.7-150.3-10.1-254,39.1 s-91.7-34.4-149.2,0C115.7,118.3,0,39.8,0,39.8V0h1000v36.5c0,0-28.2-18.5-92.1-18.5C810.2,18.1,775.7,67.3,734,67.3z\"\/>\n\t<path class=\"elementor-shape-fill\" d=\"M766.1,28.9c-200-57.5-266,65.5-395.1,19.5C242,1.8,242,5.4,184.8,20.6C128,35.8,132.3,44.9,89.9,52.5C28.6,63.7,0,0,0,0 h1000c0,0-9.9,40.9-83.6,48.1S829.6,47,766.1,28.9z\"\/>\n<\/svg>\t\t<\/div>\n\t\t<div class=\"elementor-element elementor-element-387569e e-con-full e-flex elementor-invisible e-con e-child\" data-id=\"387569e\" data-element_type=\"container\" data-e-type=\"container\" data-settings=\"{&quot;animation&quot;:&quot;slideInLeft&quot;}\">\n\t\t\t\t<div class=\"elementor-element elementor-element-7e83161 elementor-widget elementor-widget-patara-title\" data-id=\"7e83161\" data-element_type=\"widget\" data-e-type=\"widget\" data-widget_type=\"patara-title.default\">\n\t\t\t\t<div class=\"elementor-widget-container\">\n\t\t\t\t\t\t\t\n\t\t\t\t\t\t\t\t<div class=\"sub-title border-bot-light\">\n\t\t\tNos autres appartements :<\/h4><\/div>\n\t\t\t\t\t\n\t\t\t\n        \t\t\t\t<\/div>\n\t\t\t\t<\/div>\n\t\t\t\t<\/div>\n\t\t<div class=\"elementor-element elementor-element-39b774f e-con-full e-flex e-con e-child\" data-id=\"39b774f\" data-element_type=\"container\" data-e-type=\"container\">\n\t\t\t\t<div class=\"elementor-element elementor-element-bc2b0bf elementor-widget elementor-widget-patara-title\" data-id=\"bc2b0bf\" data-element_type=\"widget\" data-e-type=\"widget\" data-widget_type=\"patara-title.default\">\n\t\t\t\t<div class=\"elementor-widget-container\">\n\t\t\t\t\t\t\t\n\t\t\n\t\t\t\t\t\t\t\n\t\t\t<h4 class=\"section-title black text-left\">Des s\u00e9jours uniques adapt\u00e9s \u00e0 vos envies<\/h4>\t\t\t\t\n\t\t\t\n        \n\t\t\t\n        \t\t\t\t<\/div>\n\t\t\t\t<\/div>\n\t\t\t\t<\/div>\n\t\t<div class=\"elementor-element elementor-element-88fc041 e-con-full e-flex e-con e-child\" data-id=\"88fc041\" data-element_type=\"container\" data-e-type=\"container\">\n\t\t\t\t<div class=\"elementor-element elementor-element-b469cf0 animated-slow elementor-invisible elementor-widget elementor-widget-patara-room-carousel\" data-id=\"b469cf0\" data-element_type=\"widget\" data-e-type=\"widget\" data-settings=\"{&quot;_animation&quot;:&quot;fadeIn&quot;}\" data-widget_type=\"patara-room-carousel.default\">\n\t\t\t\t<div class=\"elementor-widget-container\">\n\t\t\t\t\t\t\t\t\t<div class=\"room4 room-car-alt woocommerce\">\n\t\t\t<div class=\"owl-theme owl-carousel\" data-carousel-autoplay=\"false\" data-carousel-speed=\"1000\" data-carousel-timeout=\"5000\" data-carousel-nav=\"false\" data-carousel-dots=\"false\" data-carousel-dots-mobile=\"true\" data-carousel-columns=\"3\"data-rtl=\"false\">\n\t\t\t\t\t\t\t\t\t\t\t\t<div class=\"rooms3 mb-30\">\n\t\t\t\t\t\t\t\t\t\t<div class=\"room-img position-re-order-service o-hidden\">\n\t\t\t\t\t\t<div class=\"cd-pt-ab\">\n\t\t\t\t\t\t\t<img decoding=\"async\" src=\"https:\/\/residencesdulavandou.fr\/wp-content\/uploads\/2024\/11\/Capture-decran-2024-11-16-a-11.37.08.png\" alt=\"Nos Duplex\" class=\"w-100\">\n\t\t\t\t\t\t<\/div>\n\t\t\t\t\t<\/div>\n\t\t\t\t\t\t\t\t\t\t<div class=\"room-header\">\n\t\t\t\t\t\t<h3 class=\"room-label\"><a href=\"https:\/\/residencesdulavandou.fr\/residence-tibouren\/\"> Nos Duplex<\/a><\/h3>\n\t\t\t\t\t<\/div>\n\t\t\t\t\t<div class=\"room-wrap\">\n\t\t\t\t\t\t<div class=\"room-cont\">\n\t\t\t\t\t\t\t<h4 class=\"room-title\"><a href=\"https:\/\/residencesdulavandou.fr\/residence-tibouren\/\"> Nos Duplex<\/a><\/h4>\n\t\t\t\t\t\t\t<div class=\"room-text\"><p>Plongez dans l\u2019effervescence du Lavandou avec nos duplex. Id\u00e9al pour les voyageurs qui aiment allier confort et proximit\u00e9 des activit\u00e9s.<\/p>\n<\/div>\n\t\t\t\t\t\t\t\t\t\t\t\t\t\t<div class=\"row room-facilities mb-30\">\n\t\t\t\t\t\t\t\t<div class=\"col-md-12\">\n\t\t\t\t\t\t\t\t\t<div class=\"row pt-des-list\">\n\t\t\t\t\t\t\t\t\t\t\t\t\t\t\t\t\t\t\t\t\t\t\t\t\t\t\t\t\t\t\t\t\t\t\t\t\t\t\t\t\t\t\t\t\t\t\t\t\t\t\t\t\t\t\t\t\t\t\t\t<div class=\"col-md-6\">\n\t\t\t\t\t\t\t\t\t\t\t<ul>\n\t\t\t\t\t\t\t\t\t\t\t\t<li><i class=\" flaticon-location-pin\"><\/i> Proximit\u00e9 commerces<\/li>\n\t\t\t\t\t\t\t\t\t\t\t<\/ul>\n\t\t\t\t\t\t\t\t\t\t<\/div>\n\t\t\t\t\t\t\t\t\t    \t\t\t\t\t\t\t\t\t\t\t\t\t\t\t\t\t\t\t\t\t\t\t\t\t\t\t\t\t\t\t\t\t\t\t\t\t\t\t\t\t\t\t\t\t\t\t\t\t\t<div class=\"col-md-6\">\n\t\t\t\t\t\t\t\t\t\t\t<ul>\n\t\t\t\t\t\t\t\t\t\t\t\t<li><i class=\" flaticon-bed\"><\/i> Chambres confortables<\/li>\n\t\t\t\t\t\t\t\t\t\t\t<\/ul>\n\t\t\t\t\t\t\t\t\t\t<\/div>\n\t\t\t\t\t\t\t\t\t    \t\t\t\t\t\t\t\t\t\t\t\t\t\t\t\t\t\t\t\t\t\t\t\t\t\t\t\t\t\t\t\t\t\t\t\t\t\t\t\t\t\t\t\t\t\t\t\t\t\t<div class=\"col-md-6\">\n\t\t\t\t\t\t\t\t\t\t\t<ul>\n\t\t\t\t\t\t\t\t\t\t\t\t<li><i class=\" flaticon-wifi\"><\/i> Acc\u00e8s Wi-Fi<\/li>\n\t\t\t\t\t\t\t\t\t\t\t<\/ul>\n\t\t\t\t\t\t\t\t\t\t<\/div>\n\t\t\t\t\t\t\t\t\t    \t\t\t\t\t\t\t\t\t\t\t\t\t\t\t\t\t\t\t\t\t\t\t\t\t\t\t\t\t\t\t\t\t\t\t\t\t\t\t\t\t\t\t\t\t\t\t\t\t\t<div class=\"col-md-6\">\n\t\t\t\t\t\t\t\t\t\t\t<ul>\n\t\t\t\t\t\t\t\t\t\t\t\t<li><i class=\" flaticon-home\"><\/i> Tout \u00e9quip\u00e9<\/li>\n\t\t\t\t\t\t\t\t\t\t\t<\/ul>\n\t\t\t\t\t\t\t\t\t\t<\/div>\n\t\t\t\t\t\t\t\t\t    \t\t\t\t\t\t\t\t\t<\/div>\n\t\t\t\t\t\t\t\t<\/div>\n\t\t\t\t\t\t\t<\/div>\n\t\t\t\t\t\t\t\t\t\t\t\t\t<\/div>\n\t\t\t\t\t\t\t\t\t\t\t<\/div>\n\t\t\t\t<\/div>\n\t\t\t\t\t\t\t\t\t\t\t\t<div class=\"rooms3 mb-30\">\n\t\t\t\t\t\t\t\t\t\t<div class=\"room-img position-re-order-service o-hidden\">\n\t\t\t\t\t\t<div class=\"cd-pt-ab\">\n\t\t\t\t\t\t\t<img decoding=\"async\" src=\"https:\/\/residencesdulavandou.fr\/wp-content\/uploads\/2024\/12\/Capture-decran-2024-12-11-a-15.13.40.png\" alt=\"Au calme\" class=\"w-100\">\n\t\t\t\t\t\t<\/div>\n\t\t\t\t\t<\/div>\n\t\t\t\t\t\t\t\t\t\t<div class=\"room-header\">\n\t\t\t\t\t\t<h3 class=\"room-label\"><a href=\"https:\/\/residencesdulavandou.fr\/residence-la-vieille\/\"> Au calme<\/a><\/h3>\n\t\t\t\t\t<\/div>\n\t\t\t\t\t<div class=\"room-wrap\">\n\t\t\t\t\t\t<div class=\"room-cont\">\n\t\t\t\t\t\t\t<h4 class=\"room-title\"><a href=\"https:\/\/residencesdulavandou.fr\/residence-la-vieille\/\"> Au calme<\/a><\/h4>\n\t\t\t\t\t\t\t<div class=\"room-text\"><p>Profitez du calme absolu dans nos appartements, situ\u00e9s \u00e0 quelques minutes \u00e0 pied du port et des plages. Un espace parfait pour les familles ou les couples en qu\u00eate de qui\u00e9tude.<\/p>\n<\/div>\n\t\t\t\t\t\t\t\t\t\t\t\t\t\t<div class=\"row room-facilities mb-30\">\n\t\t\t\t\t\t\t\t<div class=\"col-md-12\">\n\t\t\t\t\t\t\t\t\t<div class=\"row pt-des-list\">\n\t\t\t\t\t\t\t\t\t\t\t\t\t\t\t\t\t\t\t\t\t\t\t\t\t\t\t\t\t\t\t\t\t\t\t\t\t\t\t\t\t\t\t\t\t\t\t\t\t\t\t\t\t\t\t\t\t\t\t\t<div class=\"col-md-6\">\n\t\t\t\t\t\t\t\t\t\t\t<ul>\n\t\t\t\t\t\t\t\t\t\t\t\t<li><i class=\" flaticon-location-pin\"><\/i> Proche du centre<\/li>\n\t\t\t\t\t\t\t\t\t\t\t<\/ul>\n\t\t\t\t\t\t\t\t\t\t<\/div>\n\t\t\t\t\t\t\t\t\t    \t\t\t\t\t\t\t\t\t\t\t\t\t\t\t\t\t\t\t\t\t\t\t\t\t\t\t\t\t\t\t\t\t\t\t\t\t\t\t\t\t\t\t\t\t\t\t\t\t\t<div class=\"col-md-6\">\n\t\t\t\t\t\t\t\t\t\t\t<ul>\n\t\t\t\t\t\t\t\t\t\t\t\t<li><i class=\" flaticon-bed\"><\/i> Chambres confortables<\/li>\n\t\t\t\t\t\t\t\t\t\t\t<\/ul>\n\t\t\t\t\t\t\t\t\t\t<\/div>\n\t\t\t\t\t\t\t\t\t    \t\t\t\t\t\t\t\t\t\t\t\t\t\t\t\t\t\t\t\t\t\t\t\t\t\t\t\t\t\t\t\t\t\t\t\t\t\t\t\t\t\t\t\t\t\t\t\t\t\t<div class=\"col-md-6\">\n\t\t\t\t\t\t\t\t\t\t\t<ul>\n\t\t\t\t\t\t\t\t\t\t\t\t<li><i class=\" flaticon-wifi\"><\/i> Acc\u00e8s Wi-Fi<\/li>\n\t\t\t\t\t\t\t\t\t\t\t<\/ul>\n\t\t\t\t\t\t\t\t\t\t<\/div>\n\t\t\t\t\t\t\t\t\t    \t\t\t\t\t\t\t\t\t\t\t\t\t\t\t\t\t\t\t\t\t\t\t\t\t\t\t\t\t\t\t\t\t\t\t\t\t\t\t\t\t\t\t\t\t\t\t\t\t\t<div class=\"col-md-6\">\n\t\t\t\t\t\t\t\t\t\t\t<ul>\n\t\t\t\t\t\t\t\t\t\t\t\t<li><i class=\" flaticon-home\"><\/i> Tout \u00e9quip\u00e9<\/li>\n\t\t\t\t\t\t\t\t\t\t\t<\/ul>\n\t\t\t\t\t\t\t\t\t\t<\/div>\n\t\t\t\t\t\t\t\t\t    \t\t\t\t\t\t\t\t\t<\/div>\n\t\t\t\t\t\t\t\t<\/div>\n\t\t\t\t\t\t\t<\/div>\n\t\t\t\t\t\t\t\t\t\t\t\t\t<\/div>\n\t\t\t\t\t\t\t\t\t\t\t<\/div>\n\t\t\t\t<\/div>\n\t\t\t\t\t\t\t\t\t\t\t\t<div class=\"rooms3 mb-30\">\n\t\t\t\t\t\t\t\t\t\t<div class=\"room-img position-re-order-service o-hidden\">\n\t\t\t\t\t\t<div class=\"cd-pt-ab\">\n\t\t\t\t\t\t\t<img decoding=\"async\" src=\"https:\/\/residencesdulavandou.fr\/wp-content\/uploads\/2024\/12\/Capture-decran-2024-12-11-a-15.03.41-1.png\" alt=\"Vu Mer\" class=\"w-100\">\n\t\t\t\t\t\t<\/div>\n\t\t\t\t\t<\/div>\n\t\t\t\t\t\t\t\t\t\t<div class=\"room-header\">\n\t\t\t\t\t\t<h3 class=\"room-label\"><a href=\"https:\/\/residencesdulavandou.fr\/residence-le-provence\/\"> Vu Mer<\/a><\/h3>\n\t\t\t\t\t<\/div>\n\t\t\t\t\t<div class=\"room-wrap\">\n\t\t\t\t\t\t<div class=\"room-cont\">\n\t\t\t\t\t\t\t<h4 class=\"room-title\"><a href=\"https:\/\/residencesdulavandou.fr\/residence-le-provence\/\"> Vu Mer<\/a><\/h4>\n\t\t\t\t\t\t\t<div class=\"room-text\"><p>Admirez chaque jour un panorama exceptionnel depuis nos appartements avec vue sur la mer. Un cadre id\u00e9al pour des s\u00e9jours reposants au c\u0153ur de la C\u00f4te d\u2019Azur.<\/p>\n<\/div>\n\t\t\t\t\t\t\t\t\t\t\t\t\t\t<div class=\"row room-facilities mb-30\">\n\t\t\t\t\t\t\t\t<div class=\"col-md-12\">\n\t\t\t\t\t\t\t\t\t<div class=\"row pt-des-list\">\n\t\t\t\t\t\t\t\t\t\t\t\t\t\t\t\t\t\t\t\t\t\t\t\t\t\t\t\t\t\t\t\t\t\t\t\t\t\t\t\t\t\t\t\t\t\t\t\t\t\t\t\t\t\t\t\t\t\t\t\t<div class=\"col-md-6\">\n\t\t\t\t\t\t\t\t\t\t\t<ul>\n\t\t\t\t\t\t\t\t\t\t\t\t<li><i class=\" flaticon-home\"><\/i> Terrasse plein sud.<\/li>\n\t\t\t\t\t\t\t\t\t\t\t<\/ul>\n\t\t\t\t\t\t\t\t\t\t<\/div>\n\t\t\t\t\t\t\t\t\t    \t\t\t\t\t\t\t\t\t\t\t\t\t\t\t\t\t\t\t\t\t\t\t\t\t\t\t\t\t\t\t\t\t\t\t\t\t\t\t\t\t\t\t\t\t\t\t\t\t\t<div class=\"col-md-6\">\n\t\t\t\t\t\t\t\t\t\t\t<ul>\n\t\t\t\t\t\t\t\t\t\t\t\t<li><i class=\" flaticon-location-pin\"><\/i> Vue mer d\u00e9gag\u00e9e.<\/li>\n\t\t\t\t\t\t\t\t\t\t\t<\/ul>\n\t\t\t\t\t\t\t\t\t\t<\/div>\n\t\t\t\t\t\t\t\t\t    \t\t\t\t\t\t\t\t\t\t\t\t\t\t\t\t\t\t\t\t\t\t\t\t\t\t\t\t\t\t\t\t\t\t\t\t\t\t\t\t\t\t\t\t\t\t\t\t\t\t<div class=\"col-md-6\">\n\t\t\t\t\t\t\t\t\t\t\t<ul>\n\t\t\t\t\t\t\t\t\t\t\t\t<li><i class=\" flaticon-bed\"><\/i> Chambres avec TV.<\/li>\n\t\t\t\t\t\t\t\t\t\t\t<\/ul>\n\t\t\t\t\t\t\t\t\t\t<\/div>\n\t\t\t\t\t\t\t\t\t    \t\t\t\t\t\t\t\t\t\t\t\t\t\t\t\t\t\t\t\t\t\t\t\t\t\t\t\t\t\t\t\t\t\t\t\t\t\t\t\t\t\t\t\t\t\t\t\t\t\t<div class=\"col-md-6\">\n\t\t\t\t\t\t\t\t\t\t\t<ul>\n\t\t\t\t\t\t\t\t\t\t\t\t<li><i class=\" flaticon-wifi\"><\/i> Acc\u00e8s Wi-Fi<\/li>\n\t\t\t\t\t\t\t\t\t\t\t<\/ul>\n\t\t\t\t\t\t\t\t\t\t<\/div>\n\t\t\t\t\t\t\t\t\t    \t\t\t\t\t\t\t\t\t<\/div>\n\t\t\t\t\t\t\t\t<\/div>\n\t\t\t\t\t\t\t<\/div>\n\t\t\t\t\t\t\t\t\t\t\t\t\t<\/div>\n\t\t\t\t\t\t\t\t\t\t\t<\/div>\n\t\t\t\t<\/div>\n\t\t\t\t\t\t\t<\/div>\n\t\t<\/div>\n\t\t\t\t\n        \t\t\t\t<\/div>\n\t\t\t\t<\/div>\n\t\t\t\t<\/div>\n\t\t\t\t\t<\/div>\n\t\t\t\t<\/div>\n\t\t\t\t<\/div>\n\t\t","protected":false},"excerpt":{"rendered":"<p>Les R\u00e9sidences du Lavandou R\u00e9sidence Tibouren Logements dans la zone active du Lavandou, venez d\u00e9couvrir les plages, le centre ville et toutes les activit\u00e9s. Book Now Nos autres appartements : Des s\u00e9jours uniques adapt\u00e9s \u00e0 vos envies Nos Duplex Nos Duplex Plongez dans l\u2019effervescence du Lavandou avec nos duplex. Id\u00e9al pour les voyageurs qui aiment allier confort et proximit\u00e9 des<\/p>","protected":false},"author":1,"featured_media":0,"parent":0,"menu_order":0,"comment_status":"closed","ping_status":"closed","template":"elementor_header_footer","meta":{"footnotes":"","_links_to":"","_links_to_target":""},"class_list":["post-2515","page","type-page","status-publish","hentry"],"meta_box":[],"_links":{"self":[{"href":"https:\/\/residencesdulavandou.fr\/de\/wp-json\/wp\/v2\/pages\/2515","targetHints":{"allow":["GET"]}}],"collection":[{"href":"https:\/\/residencesdulavandou.fr\/de\/wp-json\/wp\/v2\/pages"}],"about":[{"href":"https:\/\/residencesdulavandou.fr\/de\/wp-json\/wp\/v2\/types\/page"}],"author":[{"embeddable":true,"href":"https:\/\/residencesdulavandou.fr\/de\/wp-json\/wp\/v2\/users\/1"}],"replies":[{"embeddable":true,"href":"https:\/\/residencesdulavandou.fr\/de\/wp-json\/wp\/v2\/comments?post=2515"}],"version-history":[{"count":17,"href":"https:\/\/residencesdulavandou.fr\/de\/wp-json\/wp\/v2\/pages\/2515\/revisions"}],"predecessor-version":[{"id":3543,"href":"https:\/\/residencesdulavandou.fr\/de\/wp-json\/wp\/v2\/pages\/2515\/revisions\/3543"}],"wp:attachment":[{"href":"https:\/\/residencesdulavandou.fr\/de\/wp-json\/wp\/v2\/media?parent=2515"}],"curies":[{"name":"wp","href":"https:\/\/api.w.org\/{rel}","templated":true}]}}